{"id":22,"date":"2024-03-11T20:08:13","date_gmt":"2024-03-11T19:08:13","guid":{"rendered":"https:\/\/yohanarocher.com\/?page_id=22"},"modified":"2025-11-20T14:24:43","modified_gmt":"2025-11-20T13:24:43","slug":"films","status":"publish","type":"page","link":"https:\/\/yohanarocher.com\/index.php\/films\/","title":{"rendered":"Films"},"content":{"rendered":"\n<p><strong><em>Bande D\u00e9mo 2025<\/em><\/strong><\/p>\n\n\n\n<figure class=\"wp-block-video\"><video height=\"2160\" style=\"aspect-ratio: 3840 \/ 2160;\" width=\"3840\" controls src=\"https:\/\/yohanarocher.com\/wp-content\/uploads\/2025\/11\/Yohana-ROCHER-Bande-DA\u00a9mo-2025.mp4\"><\/video><\/figure>\n\n\n\n<p> Caprice des Dieux &#8211; Publicit\u00e9 Nationale Suisse &#8211; R\u00e9seaux sociaux &#8211; Septembre 2024<\/p>\n\n\n\n<figure class=\"wp-block-video\"><video height=\"848\" style=\"aspect-ratio: 480 \/ 848;\" width=\"480\" controls src=\"https:\/\/yohanarocher.com\/wp-content\/uploads\/2025\/01\/Caprice-des-Dieux-.mp4\"><\/video><\/figure>\n\n\n\n<p>\u00c9pisode \u00ab\u00a0La pantoufle\u00a0\u00bb de la s\u00e9rie Vice Vers&rsquo;Art&nbsp;&#8211; Role d&rsquo;une jeune femme passionnee par la mode &#8211; 2024 &#8211; WEO TV &#8211; 2024<\/p>\n\n\n\n<figure class=\"wp-block-video\"><video height=\"1036\" style=\"aspect-ratio: 1920 \/ 1036;\" width=\"1920\" controls src=\"https:\/\/yohanarocher.com\/wp-content\/uploads\/2024\/09\/VVA2_LA-PANTOUFLE.mp4\"><\/video><\/figure>\n\n\n\n<p>Nikon Festival 2023 \u00ab\u00a0Mission Compromise\u00a0\u00bb &#8211; R\u00f4le d&rsquo;une agent secr\u00e8te &#8211; 2023<\/p>\n\n\n\n<figure class=\"wp-block-embed is-type-video is-provider-dailymotion wp-block-embed-dailymotion wp-embed-aspect-16-9 wp-has-aspect-ratio\"><div class=\"wp-block-embed__wrapper\">\n<iframe loading=\"lazy\" title=\"MISSION COMPROMISE\" frameborder=\"0\" width=\"1170\" height=\"658\" src=\"https:\/\/geo.dailymotion.com\/player.html?video=x8hjc7p&#038;\" allowfullscreen allow=\"autoplay; fullscreen; picture-in-picture; web-share\"><\/iframe>\n<\/div><\/figure>\n\n\n\n<p>Caprice des Dieux &#8211; Campagne Nationale Suisse sur internet &#8211; Role d&rsquo;une femme qui charme un homme &#8211; 2023<\/p>\n\n\n\n<figure class=\"wp-block-video\"><video height=\"1920\" style=\"aspect-ratio: 1080 \/ 1920;\" width=\"1080\" controls src=\"https:\/\/yohanarocher.com\/wp-content\/uploads\/2024\/05\/Caprice_Des_Dieux_Montagne_9x16_VF_Final.mp4\"><\/video><\/figure>\n\n\n\n<p>Wall Street English &#8211; Campagne publicitaire sur internet &#8211; Videos pour promouvoir les centres WSE &#8211; 2022<\/p>\n\n\n\n<p>Court m\u00e9trage 6toyen r\u00e9alis\u00e9 par Nicolas Capus , 2022&nbsp;<\/p>\n\n\n\n<p>T\u00e9l\u00e9film \u00ab\u00a0Le doux pays de mon enfance\u00a0\u00bb &#8211; R\u00f4le de Chlo\u00e9 la fille de Daniel Russo, 3eme r\u00f4le avec de la danse &#8211; France 2 &#8211; 2005<\/p>\n","protected":false},"excerpt":{"rendered":"<p>Bande D\u00e9mo 2025 Caprice des Dieux &#8211; Publicit\u00e9 Nationale Suisse &#8211; R\u00e9seaux sociaux &#8211; Septembre 2024 \u00c9pisode \u00ab\u00a0La pantoufle\u00a0\u00bb de la s\u00e9rie Vice Vers&rsquo;Art&nbsp;&#8211; Role d&rsquo;une jeune femme passionnee par la mode &#8211; 2024 &#8211; WEO TV &#8211; 2024 Nikon Festival 2023 \u00ab\u00a0Mission Compromise\u00a0\u00bb &#8211; R\u00f4le d&rsquo;une agent secr\u00e8te &#8211; 2023 Caprice des Dieux &#8211; [&hellip;]<\/p>\n","protected":false},"author":1,"featured_media":0,"parent":0,"menu_order":0,"comment_status":"closed","ping_status":"closed","template":"","meta":{"footnotes":""},"class_list":["post-22","page","type-page","status-publish","hentry"],"_links":{"self":[{"href":"https:\/\/yohanarocher.com\/index.php\/wp-json\/wp\/v2\/pages\/22","targetHints":{"allow":["GET"]}}],"collection":[{"href":"https:\/\/yohanarocher.com\/index.php\/wp-json\/wp\/v2\/pages"}],"about":[{"href":"https:\/\/yohanarocher.com\/index.php\/wp-json\/wp\/v2\/types\/page"}],"author":[{"embeddable":true,"href":"https:\/\/yohanarocher.com\/index.php\/wp-json\/wp\/v2\/users\/1"}],"replies":[{"embeddable":true,"href":"https:\/\/yohanarocher.com\/index.php\/wp-json\/wp\/v2\/comments?post=22"}],"version-history":[{"count":11,"href":"https:\/\/yohanarocher.com\/index.php\/wp-json\/wp\/v2\/pages\/22\/revisions"}],"predecessor-version":[{"id":238,"href":"https:\/\/yohanarocher.com\/index.php\/wp-json\/wp\/v2\/pages\/22\/revisions\/238"}],"wp:attachment":[{"href":"https:\/\/yohanarocher.com\/index.php\/wp-json\/wp\/v2\/media?parent=22"}],"curies":[{"name":"wp","href":"https:\/\/api.w.org\/{rel}","templated":true}]}}